{"id":436,"date":"2023-01-22T14:53:34","date_gmt":"2023-01-22T22:53:34","guid":{"rendered":"https:\/\/binglaw.us\/cn\/?page_id=436"},"modified":"2023-01-25T21:31:26","modified_gmt":"2023-01-26T05:31:26","slug":"dispute-resolution","status":"publish","type":"page","link":"https:\/\/binglaw.us\/cn\/service-areas\/dispute-resolution\/","title":{"rendered":"\u4e89\u8bae\u89e3\u51b3"},"content":{"rendered":"\t\t<div data-elementor-type=\"wp-page\" data-elementor-id=\"436\" class=\"elementor elementor-436\" data-elementor-post-type=\"page\">\n\t\t\t\t\t\t<section class=\"elementor-section elementor-top-section elementor-element elementor-element-32543115 elementor-section-boxed elementor-section-height-default elementor-section-height-default\" data-id=\"32543115\" data-element_type=\"section\">\n\t\t\t\t\t\t<div class=\"elementor-container elementor-column-gap-default\">\n\t\t\t\t\t<div class=\"elementor-column elementor-col-100 elementor-top-column elementor-element elementor-element-4c58a4c0\" data-id=\"4c58a4c0\" data-element_type=\"column\">\n\t\t\t<div class=\"elementor-widget-wrap elementor-element-populated\">\n\t\t\t\t\t\t<div class=\"elementor-element elementor-element-7f976d30 elementor-widget elementor-widget-text-editor\" data-id=\"7f976d30\" data-element_type=\"widget\" data-widget_type=\"text-editor.default\">\n\t\t\t\t<div class=\"elementor-widget-container\">\n\t\t\t<style>\/*! elementor - v3.19.0 - 05-02-2024 *\/\n.elementor-widget-text-editor.elementor-drop-cap-view-stacked .elementor-drop-cap{background-color:#69727d;color:#fff}.elementor-widget-text-editor.elementor-drop-cap-view-framed .elementor-drop-cap{color:#69727d;border:3px solid;background-color:transparent}.elementor-widget-text-editor:not(.elementor-drop-cap-view-default) .elementor-drop-cap{margin-top:8px}.elementor-widget-text-editor:not(.elementor-drop-cap-view-default) .elementor-drop-cap-letter{width:1em;height:1em}.elementor-widget-text-editor .elementor-drop-cap{float:left;text-align:center;line-height:1;font-size:50px}.elementor-widget-text-editor .elementor-drop-cap-letter{display:inline-block}<\/style>\t\t\t\t<p><!-- wp:paragraph --><\/p>\n<p><b>\u4e89\u8bae\u89e3\u51b3<\/b>\u662f\u4e89\u8bae\u53cc\u65b9\u5728\u8bc9\u8bbc\u53d1\u751f\u4e4b\u524d\u53ef\u80fd\u91c7\u53d6\u7684\u59a5\u5584\u89e3\u51b3\u53cc\u65b9\u77db\u76fe\u7684\u5173\u952e\u624b\u6bb5\u3002\u867d\u7136\u6211\u4eec\u90fd\u7fa1\u6155\u9676\u6e0a\u660e\u516c\u91c7\u83ca\u4e1c\u5357\u4e0b\uff0c\u60a0\u7136\u89c1\u5357\u5c71\u7684\u7530\u56ed\u751f\u6d3b\uff0c\u4f46\u662f\u5728\u5f53\u4eca\u7684\u793e\u4f1a\u4e2d\u4e89\u8bae\u5728\u6240\u96be\u514d\u3002\u51fa\u73b0\u4e89\u8bae\u5e76\u4e0d\u53ef\u6015\uff0c\u53ef\u6015\u7684\u662f\u5ffd\u89c6\u5df2\u7ecf\u51fa\u73b0\u7684\u4e89\u8bae\u5e76\u5750\u89c6\u4e89\u8bae\u6108\u6f14\u6108\u70c8\u3002\u4e00\u65e6\u4e89\u8bae\u53d1\u751f\u6216\u8005\u60a8\u5df2\u9884\u89c1\u5230\u53ef\u80fd\u4ea7\u751f\u4e89\u8bae\uff0c\u8bf7\u60a8\u52a1\u5fc5\u5c3d\u5feb\u8054\u7cfb\u6211\u4eec\u3002\u6709\u7ecf\u9a8c\u7684\u4e89\u8bae\u89e3\u51b3\u7684\u5f8b\u5e08\u7684\u53ca\u65f6\u4ecb\u5165\u53ef\u4ee5\u5728\u4e89\u8bae\u65e9\u671f\u53ca\u65f6\u6d88\u9664\u9690\u60a3\u5e76\u5927\u5927\u964d\u4f4e\u4e0d\u5fc5\u8981\u7684\u5f8b\u5e08\u548c\u8bc9\u8bbc\u8d39\u7528\u3002<\/p>\n<p><!-- \/wp:paragraph --><\/p>\n<p><!-- wp:paragraph --><\/p>\n<p>\u6211\u4eec\u9700\u8981\u5411\u60a8\u6307\u51fa\uff0c\u6210\u529f\u7684\u4e89\u8bae\u89e3\u51b3\u4e0d\u4f46\u53ef\u4ee5\u4e3a\u60a8\u8282\u7701\u8bc9\u8bbc\u8d39\u7528\uff0c\u8fd8\u53ef\u4ee5\u8ba9\u60a8\u65e0\u4e89\u8bae\u4e00\u8eab\u8f7b\uff0c\u91cd\u65b0\u56de\u5230\u60a8\u65e5\u5e38\u751f\u6d3b\u7684\u8f68\u9053\uff0c\u53bb\u5fc3\u65e0\u65c1\u9a9b\u5730\u505a\u60a8\u5e94\u8be5\u505a\u7684\u4e8b\u3002\u4ece\u8fd9\u4e2a\u89d2\u5ea6\u51fa\u53d1\uff0c\u9000\u4e00\u6b65\u6d77\u9614\u5929\u7a7a\u4e4b\u6240\u4ee5\u6210\u4e3a\u4e00\u4e2a\u4eba\u5c3d\u7686\u77e5\u7684\u4fd7\u8bed\u662f\u4e0d\u65e0\u9053\u7406\u7684\u3002<\/p>\n<p><!-- \/wp:paragraph --><\/p>\n<p><!-- wp:paragraph --><\/p>\n<p>\u6839\u636e\u6211\u4eec\u591a\u5e74\u534f\u52a9\u5ba2\u6237\u5728\u8bc9\u8bbc\u53d1\u751f\u4e4b\u524d\u89e3\u51b3\u4e89\u8bae\u7684\u7ecf\u9a8c\uff0c\u4e89\u8bae\u89e3\u51b3\u7684\u5173\u952e\u662f\u53cc\u65b9\u90fd\u53ef\u4ee5\u5e73\u5fc3\u9759\u6c14\u5730\u8003\u8651\u4e89\u8bae\u7684\u5b9e\u8d28\u4ee5\u53ca\u63a5\u53d7\u53cc\u65b9\u5404\u9000\u4e00\u6b65\u7684\u89e3\u51b3\u65b9\u6848\u3002\u6211\u4eec\u60f3\u5f15\u7528\u4e00\u53e5\u4e3b\u6301\u4e89\u8bae\u89e3\u51b3\u7684\u6cd5\u5b98\u7ecf\u5e38\u8bf4\u7684\u8bdd\uff1a<\/p>\n<p><!-- \/wp:paragraph --><\/p>\t\t\t\t\t\t<\/div>\n\t\t\t\t<\/div>\n\t\t\t\t<div class=\"elementor-element elementor-element-8a2fafc elementor-widget elementor-widget-text-editor\" data-id=\"8a2fafc\" data-element_type=\"widget\" data-widget_type=\"text-editor.default\">\n\t\t\t\t<div class=\"elementor-widget-container\">\n\t\t\t\t\t\t\t<blockquote>\n<p>\u201c\u4e89\u8bae\u89e3\u51b3\u53ef\u4ee5\u8fbe\u6210\u5c31\u662f\u53cc\u65b9\u90fd\u6ca1\u6709\u8fbe\u5230\u4ed6\u4eec\u4e00\u5f00\u59cb\u5e0c\u671b\u8fbe\u5230\u7684\u76ee\u7684\u3002\u201d<\/p>\n<p>\u5982\u679c\u60a8\u5e0c\u671b\u5728\u53cc\u65b9\u8fdb\u5165\u8bc9\u8bbc\u7a0b\u5e8f\u4e4b\u524d\u89e3\u51b3\u4e89\u8bae\uff0c\u8bf7\u60a8\u53ca\u65f6\u8054\u7cfb\u6211\u4eec\uff01<\/p>\n<\/blockquote>\t\t\t\t\t\t<\/div>\n\t\t\t\t<\/div>\n\t\t\t\t<div class=\"elementor-element elementor-element-ed79372 elementor-widget elementor-widget-text-editor\" data-id=\"ed79372\" data-element_type=\"widget\" data-widget_type=\"text-editor.default\">\n\t\t\t\t<div class=\"elementor-widget-container\">\n\t\t\t\t\t\t\t<h3>\u6cd5\u5f8b\u5e38\u8bc6\uff1a<span style=\"color: #343541; font-family: S\u00f6hne, ui-sans-serif, system-ui, -apple-system, 'Segoe UI', Roboto, Ubuntu, Cantarell, 'Noto Sans', sans-serif, 'Helvetica Neue', Arial, 'Apple Color Emoji', 'Segoe UI Emoji', 'Segoe UI Symbol', 'Noto Color Emoji'; font-size: 16px; letter-spacing: normal; white-space: pre-wrap; font-weight: var( --e-global-typography-text-font-weight );\">\u4ec0\u4e48\u53eb\u505a\u4e89\u8bae\u89e3\u51b3?<\/span><\/h3>\n<p><span style=\"background-color: #f7f7f8; color: #374151; font-family: S\u00f6hne, ui-sans-serif, system-ui, -apple-system, 'Segoe UI', Roboto, Ubuntu, Cantarell, 'Noto Sans', sans-serif, 'Helvetica Neue', Arial, 'Apple Color Emoji', 'Segoe UI Emoji', 'Segoe UI Symbol', 'Noto Color Emoji'; font-size: 16px; letter-spacing: normal; white-space: pre-wrap; font-weight: var( --e-global-typography-text-font-weight );\">\u4e89\u8bae\u89e3\u51b3 (zh\u0113ng y\u00ec ji\u011b ju\u00e9) \u662f\u4e00\u4e2a\u4e2d\u6587\u8bcd\u7ec4\uff0c\u7ffb\u8bd1\u6210\u82f1\u6587\u5c31\u662f &#8220;dispute resolution&#8221;\u3002\u5b83\u6307\u7684\u662f\u901a\u8fc7\u5404\u79cd\u65b9\u6cd5\uff08\u5982\u8c08\u5224\u3001\u8c03\u89e3\u6216\u4ef2\u88c1\uff09\u89e3\u51b3\u5f53\u4e8b\u4eba\u4e4b\u95f4\u7ea0\u7eb7\u6216\u51b2\u7a81\u7684\u8fc7\u7a0b\u3002\u8fd9\u53ef\u4ee5\u5e94\u7528\u5728\u5404\u79cd\u60c5\u5883\u4e2d\uff0c\u5982\u6cd5\u5f8b\u7ea0\u7eb7\u3001\u52b3\u52a8\u7ea0\u7eb7\u548c\u5546\u4e1a\u7ea0\u7eb7\u3002<\/span><\/p>\n<p><span style=\"color: #343541; font-family: S\u00f6hne, ui-sans-serif, system-ui, -apple-system, 'Segoe UI', Roboto, Ubuntu, Cantarell, 'Noto Sans', sans-serif, 'Helvetica Neue', Arial, 'Apple Color Emoji', 'Segoe UI Emoji', 'Segoe UI Symbol', 'Noto Color Emoji'; font-size: 16px; letter-spacing: normal; white-space: pre-wrap;\">What is \u4e89\u8bae\u89e3\u51b3?<\/span><\/p>\n<p><span style=\"color: #374151; font-family: S\u00f6hne, ui-sans-serif, system-ui, -apple-system, 'Segoe UI', Roboto, Ubuntu, Cantarell, 'Noto Sans', sans-serif, 'Helvetica Neue', Arial, 'Apple Color Emoji', 'Segoe UI Emoji', 'Segoe UI Symbol', 'Noto Color Emoji'; font-size: 16px; letter-spacing: normal; white-space: pre-wrap; background-color: #f7f7f8;\">\u4e89\u8bae\u89e3\u51b3 (zh\u0113ng y\u00ec ji\u011b ju\u00e9) is a Chinese phrase that translates to &#8220;dispute resolution&#8221; in English. It refers to the process of resolving disputes or conflicts between parties through various methods such as negotiation, mediation, or arbitration. This can be applied in a variety of contexts, such as legal disputes, labor disputes, and commercial disputes. &#8211; \u5b9a\u4e49\u6765\u81ea\u7845\u8c37\u51ef\u54e5\u4eba\u5de5\u667a\u80fd\u5c0f\u52a9\u624b<\/span><span style=\"color: #343541; font-family: S\u00f6hne, ui-sans-serif, system-ui, -apple-system, 'Segoe UI', Roboto, Ubuntu, Cantarell, 'Noto Sans', sans-serif, 'Helvetica Neue', Arial, 'Apple Color Emoji', 'Segoe UI Emoji', 'Segoe UI Symbol', 'Noto Color Emoji'; font-size: 16px; letter-spacing: normal; white-space: pre-wrap;\"><br \/><\/span><\/p>\t\t\t\t\t\t<\/div>\n\t\t\t\t<\/div>\n\t\t\t\t\t<\/div>\n\t\t<\/div>\n\t\t\t\t\t<\/div>\n\t\t<\/section>\n\t\t\t\t<\/div>\n\t\t","protected":false},"excerpt":{"rendered":"<p>\u4e89\u8bae\u89e3\u51b3\u662f\u4e89\u8bae\u53cc\u65b9\u5728\u8bc9\u8bbc\u53d1\u751f\u4e4b\u524d\u53ef\u80fd\u91c7\u53d6\u7684\u59a5\u5584\u89e3\u51b3\u53cc\u65b9\u77db\u76fe\u7684\u5173\u952e\u624b\u6bb5\u3002\u867d\u7136\u6211\u4eec\u90fd\u7fa1\u6155\u9676\u6e0a\u660e\u516c\u91c7\u83ca\u4e1c\u5357\u4e0b\uff0c\u60a0\u7136\u89c1\u5357\u5c71\u7684\u7530\u56ed\u751f\u6d3b\uff0c\u4f46\u662f\u5728\u5f53\u4eca\u7684\u793e\u4f1a\u4e2d\u4e89\u8bae\u5728\u6240\u96be\u514d\u3002\u51fa\u73b0\u4e89\u8bae\u5e76\u4e0d\u53ef\u6015\uff0c\u53ef\u6015\u7684\u662f\u5ffd\u89c6\u5df2\u7ecf\u51fa\u73b0\u7684\u4e89\u8bae\u5e76\u5750\u89c6\u4e89\u8bae\u6108\u6f14\u6108\u70c8\u3002\u4e00\u65e6\u4e89\u8bae\u53d1\u751f\u6216\u8005\u60a8\u5df2\u9884\u89c1\u5230\u53ef\u80fd\u4ea7\u751f\u4e89\u8bae\uff0c\u8bf7\u60a8\u52a1\u5fc5\u5c3d\u5feb\u8054\u7cfb\u6211\u4eec\u3002\u6709\u7ecf\u9a8c\u7684\u4e89\u8bae\u89e3\u51b3\u7684\u5f8b\u5e08\u7684\u53ca\u65f6\u4ecb\u5165\u53ef\u4ee5\u5728\u4e89\u8bae\u65e9\u671f\u53ca\u65f6\u6d88\u9664\u9690\u60a3\u5e76\u5927\u5927\u964d\u4f4e\u4e0d\u5fc5\u8981\u7684\u5f8b\u5e08\u548c\u8bc9\u8bbc\u8d39\u7528\u3002 \u6211\u4eec\u9700\u8981\u5411\u60a8\u6307\u51fa\uff0c\u6210\u529f\u7684\u4e89\u8bae\u89e3\u51b3\u4e0d\u4f46\u53ef\u4ee5\u4e3a\u60a8\u8282\u7701\u8bc9\u8bbc\u8d39\u7528\uff0c\u8fd8\u53ef\u4ee5\u8ba9\u60a8\u65e0\u4e89\u8bae\u4e00\u8eab\u8f7b\uff0c\u91cd\u65b0\u56de\u5230\u60a8\u65e5\u5e38\u751f\u6d3b\u7684\u8f68\u9053\uff0c\u53bb\u5fc3\u65e0\u65c1\u9a9b\u5730\u505a\u60a8\u5e94\u8be5\u505a\u7684\u4e8b\u3002\u4ece\u8fd9\u4e2a\u89d2\u5ea6\u51fa\u53d1\uff0c\u9000\u4e00\u6b65\u6d77\u9614\u5929\u7a7a\u4e4b\u6240\u4ee5\u6210\u4e3a\u4e00\u4e2a\u4eba\u5c3d\u7686\u77e5\u7684\u4fd7\u8bed\u662f\u4e0d\u65e0\u9053\u7406\u7684\u3002 \u6839\u636e\u6211\u4eec\u591a\u5e74\u534f\u52a9\u5ba2\u6237\u5728\u8bc9\u8bbc\u53d1\u751f\u4e4b\u524d\u89e3\u51b3\u4e89\u8bae\u7684\u7ecf\u9a8c\uff0c\u4e89\u8bae\u89e3\u51b3\u7684\u5173\u952e\u662f\u53cc\u65b9\u90fd\u53ef\u4ee5\u5e73\u5fc3\u9759\u6c14\u5730\u8003\u8651\u4e89\u8bae\u7684\u5b9e\u8d28\u4ee5\u53ca\u63a5\u53d7\u53cc\u65b9\u5404\u9000\u4e00\u6b65\u7684\u89e3\u51b3\u65b9\u6848\u3002\u6211\u4eec\u60f3\u5f15\u7528\u4e00\u53e5\u4e3b\u6301\u4e89\u8bae\u89e3\u51b3\u7684\u6cd5\u5b98\u7ecf\u5e38\u8bf4\u7684\u8bdd\uff1a \u201c\u4e89\u8bae\u89e3\u51b3\u53ef\u4ee5\u8fbe\u6210\u5c31\u662f\u53cc\u65b9\u90fd\u6ca1\u6709\u8fbe\u5230\u4ed6\u4eec\u4e00\u5f00\u59cb\u5e0c\u671b\u8fbe\u5230\u7684\u76ee\u7684\u3002\u201d \u5982\u679c\u60a8\u5e0c\u671b\u5728\u53cc\u65b9\u8fdb\u5165\u8bc9\u8bbc\u7a0b\u5e8f\u4e4b\u524d\u89e3\u51b3\u4e89\u8bae\uff0c\u8bf7\u60a8\u53ca\u65f6\u8054\u7cfb\u6211\u4eec\uff01 \u6cd5\u5f8b\u5e38\u8bc6\uff1a\u4ec0\u4e48\u53eb\u505a\u4e89\u8bae\u89e3\u51b3? \u4e89\u8bae\u89e3\u51b3 (zh\u0113ng y\u00ec ji\u011b ju\u00e9) \u662f\u4e00\u4e2a\u4e2d\u6587\u8bcd\u7ec4\uff0c\u7ffb\u8bd1\u6210\u82f1\u6587\u5c31\u662f &#8220;dispute resolution&#8221;\u3002\u5b83\u6307\u7684\u662f\u901a\u8fc7\u5404\u79cd\u65b9\u6cd5\uff08\u5982\u8c08\u5224\u3001\u8c03\u89e3\u6216\u4ef2\u88c1\uff09\u89e3\u51b3\u5f53\u4e8b\u4eba\u4e4b\u95f4\u7ea0\u7eb7\u6216\u51b2\u7a81\u7684\u8fc7\u7a0b\u3002\u8fd9\u53ef\u4ee5\u5e94\u7528\u5728\u5404\u79cd\u60c5\u5883\u4e2d\uff0c\u5982\u6cd5\u5f8b\u7ea0\u7eb7\u3001\u52b3\u52a8\u7ea0\u7eb7\u548c\u5546\u4e1a\u7ea0\u7eb7\u3002 What is \u4e89\u8bae\u89e3\u51b3? \u4e89\u8bae\u89e3\u51b3 (zh\u0113ng y\u00ec ji\u011b ju\u00e9) is a Chinese phrase that translates to &#8220;dispute resolution&#8221; in English. It refers to the process of resolving disputes or conflicts between parties through various methods such as negotiation, mediation, or arbitration. This [&hellip;]<\/p>\n","protected":false},"author":3,"featured_media":0,"parent":413,"menu_order":0,"comment_status":"closed","ping_status":"closed","template":"elementor_header_footer","meta":{"footnotes":""},"class_list":["post-436","page","type-page","status-publish","hentry"],"yoast_head":"<!-- This site is optimized with the Yoast SEO plugin v22.0 - https:\/\/yoast.com\/wordpress\/plugins\/seo\/ -->\n<title>\u4e89\u8bae\u89e3\u51b3 - \u5f20\u51b0\u7f8e\u56fd\u8bc9\u8bbc\u5f8b\u5e08<\/title>\n<meta name=\"description\" content=\"\u5728 Binglaw.us \u6211\u4eec\u80fd\u4e3a\u5ba2\u6237\u8fbe\u6210\u201c\u4e89\u8bae\u89e3\u51b3\u201d \u5b83\u6307\u7684\u662f\u901a\u8fc7\u5404\u79cd\u65b9\u6cd5\uff08\u5982\u8c08\u5224\u3001\u8c03\u89e3\u6216\u4ef2\u88c1\uff09\u89e3\u51b3\u5f53\u4e8b\u4eba\u4e4b\u95f4\u7ea0\u7eb7\u6216\u51b2\u7a81\u7684\u8fc7\u7a0b\u3002\u8fd9\u53ef\u4ee5\u5e94\u7528\u5728\u5404\u79cd\u60c5\u5883\u4e2d\uff0c\u5982\u6cd5\u5f8b\u7ea0\u7eb7\u3001\u52b3\u52a8\u7ea0\u7eb7\u548c\u5546\u4e1a\u7ea0\u7eb7\u3002 \u8054\u7cfb\u6211\u4eec\uff0c\u770b\u770b\u662f\u5426\u80fd\u591f\u907f\u514d\u8bc9\u8bbc\uff0c\u4e3a\u60a8\u8282\u7701\u4e0d\u5fc5\u8981\u7684\u8bc9\u8bbc\u8d39\u7528\u3002\" \/>\n<meta name=\"robots\" content=\"index, follow, max-snippet:-1, max-image-preview:large, max-video-preview:-1\" \/>\n<link rel=\"canonical\" href=\"https:\/\/binglaw.us\/cn\/service-areas\/dispute-resolution\/\" \/>\n<meta property=\"og:locale\" content=\"en_US\" \/>\n<meta property=\"og:type\" content=\"article\" \/>\n<meta property=\"og:title\" content=\"\u4e89\u8bae\u89e3\u51b3 - \u5f20\u51b0\u7f8e\u56fd\u8bc9\u8bbc\u5f8b\u5e08\" \/>\n<meta property=\"og:description\" content=\"\u5728 Binglaw.us \u6211\u4eec\u80fd\u4e3a\u5ba2\u6237\u8fbe\u6210\u201c\u4e89\u8bae\u89e3\u51b3\u201d \u5b83\u6307\u7684\u662f\u901a\u8fc7\u5404\u79cd\u65b9\u6cd5\uff08\u5982\u8c08\u5224\u3001\u8c03\u89e3\u6216\u4ef2\u88c1\uff09\u89e3\u51b3\u5f53\u4e8b\u4eba\u4e4b\u95f4\u7ea0\u7eb7\u6216\u51b2\u7a81\u7684\u8fc7\u7a0b\u3002\u8fd9\u53ef\u4ee5\u5e94\u7528\u5728\u5404\u79cd\u60c5\u5883\u4e2d\uff0c\u5982\u6cd5\u5f8b\u7ea0\u7eb7\u3001\u52b3\u52a8\u7ea0\u7eb7\u548c\u5546\u4e1a\u7ea0\u7eb7\u3002 \u8054\u7cfb\u6211\u4eec\uff0c\u770b\u770b\u662f\u5426\u80fd\u591f\u907f\u514d\u8bc9\u8bbc\uff0c\u4e3a\u60a8\u8282\u7701\u4e0d\u5fc5\u8981\u7684\u8bc9\u8bbc\u8d39\u7528\u3002\" \/>\n<meta property=\"og:url\" content=\"https:\/\/binglaw.us\/cn\/service-areas\/dispute-resolution\/\" \/>\n<meta property=\"og:site_name\" content=\"\u5f20\u51b0\u7f8e\u56fd\u8bc9\u8bbc\u5f8b\u5e08\" \/>\n<meta property=\"article:modified_time\" content=\"2023-01-26T05:31:26+00:00\" \/>\n<meta name=\"twitter:card\" content=\"summary_large_image\" \/>\n<meta name=\"twitter:label1\" content=\"Est. reading time\" \/>\n\t<meta name=\"twitter:data1\" content=\"1 minute\" \/>\n<script type=\"application\/ld+json\" class=\"yoast-schema-graph\">{\"@context\":\"https:\/\/schema.org\",\"@graph\":[{\"@type\":\"WebPage\",\"@id\":\"https:\/\/binglaw.us\/cn\/service-areas\/dispute-resolution\/\",\"url\":\"https:\/\/binglaw.us\/cn\/service-areas\/dispute-resolution\/\",\"name\":\"\u4e89\u8bae\u89e3\u51b3 - \u5f20\u51b0\u7f8e\u56fd\u8bc9\u8bbc\u5f8b\u5e08\",\"isPartOf\":{\"@id\":\"https:\/\/binglaw.us\/cn\/#website\"},\"datePublished\":\"2023-01-22T22:53:34+00:00\",\"dateModified\":\"2023-01-26T05:31:26+00:00\",\"description\":\"\u5728 Binglaw.us \u6211\u4eec\u80fd\u4e3a\u5ba2\u6237\u8fbe\u6210\u201c\u4e89\u8bae\u89e3\u51b3\u201d \u5b83\u6307\u7684\u662f\u901a\u8fc7\u5404\u79cd\u65b9\u6cd5\uff08\u5982\u8c08\u5224\u3001\u8c03\u89e3\u6216\u4ef2\u88c1\uff09\u89e3\u51b3\u5f53\u4e8b\u4eba\u4e4b\u95f4\u7ea0\u7eb7\u6216\u51b2\u7a81\u7684\u8fc7\u7a0b\u3002\u8fd9\u53ef\u4ee5\u5e94\u7528\u5728\u5404\u79cd\u60c5\u5883\u4e2d\uff0c\u5982\u6cd5\u5f8b\u7ea0\u7eb7\u3001\u52b3\u52a8\u7ea0\u7eb7\u548c\u5546\u4e1a\u7ea0\u7eb7\u3002 \u8054\u7cfb\u6211\u4eec\uff0c\u770b\u770b\u662f\u5426\u80fd\u591f\u907f\u514d\u8bc9\u8bbc\uff0c\u4e3a\u60a8\u8282\u7701\u4e0d\u5fc5\u8981\u7684\u8bc9\u8bbc\u8d39\u7528\u3002\",\"breadcrumb\":{\"@id\":\"https:\/\/binglaw.us\/cn\/service-areas\/dispute-resolution\/#breadcrumb\"},\"inLanguage\":\"en-US\",\"potentialAction\":[{\"@type\":\"ReadAction\",\"target\":[\"https:\/\/binglaw.us\/cn\/service-areas\/dispute-resolution\/\"]}]},{\"@type\":\"BreadcrumbList\",\"@id\":\"https:\/\/binglaw.us\/cn\/service-areas\/dispute-resolution\/#breadcrumb\",\"itemListElement\":[{\"@type\":\"ListItem\",\"position\":1,\"name\":\"\u9996\u9875\",\"item\":\"https:\/\/binglaw.us\/cn\/\"},{\"@type\":\"ListItem\",\"position\":2,\"name\":\"\u4e1a\u52a1\u8303\u56f4\",\"item\":\"https:\/\/binglaw.us\/cn\/service-areas\/\"},{\"@type\":\"ListItem\",\"position\":3,\"name\":\"\u4e89\u8bae\u89e3\u51b3\"}]},{\"@type\":\"WebSite\",\"@id\":\"https:\/\/binglaw.us\/cn\/#website\",\"url\":\"https:\/\/binglaw.us\/cn\/\",\"name\":\"\u5f20\u51b0\u7f8e\u56fd\u8bc9\u8bbc\u5f8b\u5e08\",\"description\":\"Bing Ryan US Litigation Lawyer\",\"potentialAction\":[{\"@type\":\"SearchAction\",\"target\":{\"@type\":\"EntryPoint\",\"urlTemplate\":\"https:\/\/binglaw.us\/cn\/?s={search_term_string}\"},\"query-input\":\"required name=search_term_string\"}],\"inLanguage\":\"en-US\"}]}<\/script>\n<!-- \/ Yoast SEO plugin. -->","yoast_head_json":{"title":"\u4e89\u8bae\u89e3\u51b3 - \u5f20\u51b0\u7f8e\u56fd\u8bc9\u8bbc\u5f8b\u5e08","description":"\u5728 Binglaw.us \u6211\u4eec\u80fd\u4e3a\u5ba2\u6237\u8fbe\u6210\u201c\u4e89\u8bae\u89e3\u51b3\u201d \u5b83\u6307\u7684\u662f\u901a\u8fc7\u5404\u79cd\u65b9\u6cd5\uff08\u5982\u8c08\u5224\u3001\u8c03\u89e3\u6216\u4ef2\u88c1\uff09\u89e3\u51b3\u5f53\u4e8b\u4eba\u4e4b\u95f4\u7ea0\u7eb7\u6216\u51b2\u7a81\u7684\u8fc7\u7a0b\u3002\u8fd9\u53ef\u4ee5\u5e94\u7528\u5728\u5404\u79cd\u60c5\u5883\u4e2d\uff0c\u5982\u6cd5\u5f8b\u7ea0\u7eb7\u3001\u52b3\u52a8\u7ea0\u7eb7\u548c\u5546\u4e1a\u7ea0\u7eb7\u3002 \u8054\u7cfb\u6211\u4eec\uff0c\u770b\u770b\u662f\u5426\u80fd\u591f\u907f\u514d\u8bc9\u8bbc\uff0c\u4e3a\u60a8\u8282\u7701\u4e0d\u5fc5\u8981\u7684\u8bc9\u8bbc\u8d39\u7528\u3002","robots":{"index":"index","follow":"follow","max-snippet":"max-snippet:-1","max-image-preview":"max-image-preview:large","max-video-preview":"max-video-preview:-1"},"canonical":"https:\/\/binglaw.us\/cn\/service-areas\/dispute-resolution\/","og_locale":"en_US","og_type":"article","og_title":"\u4e89\u8bae\u89e3\u51b3 - \u5f20\u51b0\u7f8e\u56fd\u8bc9\u8bbc\u5f8b\u5e08","og_description":"\u5728 Binglaw.us \u6211\u4eec\u80fd\u4e3a\u5ba2\u6237\u8fbe\u6210\u201c\u4e89\u8bae\u89e3\u51b3\u201d \u5b83\u6307\u7684\u662f\u901a\u8fc7\u5404\u79cd\u65b9\u6cd5\uff08\u5982\u8c08\u5224\u3001\u8c03\u89e3\u6216\u4ef2\u88c1\uff09\u89e3\u51b3\u5f53\u4e8b\u4eba\u4e4b\u95f4\u7ea0\u7eb7\u6216\u51b2\u7a81\u7684\u8fc7\u7a0b\u3002\u8fd9\u53ef\u4ee5\u5e94\u7528\u5728\u5404\u79cd\u60c5\u5883\u4e2d\uff0c\u5982\u6cd5\u5f8b\u7ea0\u7eb7\u3001\u52b3\u52a8\u7ea0\u7eb7\u548c\u5546\u4e1a\u7ea0\u7eb7\u3002 \u8054\u7cfb\u6211\u4eec\uff0c\u770b\u770b\u662f\u5426\u80fd\u591f\u907f\u514d\u8bc9\u8bbc\uff0c\u4e3a\u60a8\u8282\u7701\u4e0d\u5fc5\u8981\u7684\u8bc9\u8bbc\u8d39\u7528\u3002","og_url":"https:\/\/binglaw.us\/cn\/service-areas\/dispute-resolution\/","og_site_name":"\u5f20\u51b0\u7f8e\u56fd\u8bc9\u8bbc\u5f8b\u5e08","article_modified_time":"2023-01-26T05:31:26+00:00","twitter_card":"summary_large_image","twitter_misc":{"Est. reading time":"1 minute"},"schema":{"@context":"https:\/\/schema.org","@graph":[{"@type":"WebPage","@id":"https:\/\/binglaw.us\/cn\/service-areas\/dispute-resolution\/","url":"https:\/\/binglaw.us\/cn\/service-areas\/dispute-resolution\/","name":"\u4e89\u8bae\u89e3\u51b3 - \u5f20\u51b0\u7f8e\u56fd\u8bc9\u8bbc\u5f8b\u5e08","isPartOf":{"@id":"https:\/\/binglaw.us\/cn\/#website"},"datePublished":"2023-01-22T22:53:34+00:00","dateModified":"2023-01-26T05:31:26+00:00","description":"\u5728 Binglaw.us \u6211\u4eec\u80fd\u4e3a\u5ba2\u6237\u8fbe\u6210\u201c\u4e89\u8bae\u89e3\u51b3\u201d \u5b83\u6307\u7684\u662f\u901a\u8fc7\u5404\u79cd\u65b9\u6cd5\uff08\u5982\u8c08\u5224\u3001\u8c03\u89e3\u6216\u4ef2\u88c1\uff09\u89e3\u51b3\u5f53\u4e8b\u4eba\u4e4b\u95f4\u7ea0\u7eb7\u6216\u51b2\u7a81\u7684\u8fc7\u7a0b\u3002\u8fd9\u53ef\u4ee5\u5e94\u7528\u5728\u5404\u79cd\u60c5\u5883\u4e2d\uff0c\u5982\u6cd5\u5f8b\u7ea0\u7eb7\u3001\u52b3\u52a8\u7ea0\u7eb7\u548c\u5546\u4e1a\u7ea0\u7eb7\u3002 \u8054\u7cfb\u6211\u4eec\uff0c\u770b\u770b\u662f\u5426\u80fd\u591f\u907f\u514d\u8bc9\u8bbc\uff0c\u4e3a\u60a8\u8282\u7701\u4e0d\u5fc5\u8981\u7684\u8bc9\u8bbc\u8d39\u7528\u3002","breadcrumb":{"@id":"https:\/\/binglaw.us\/cn\/service-areas\/dispute-resolution\/#breadcrumb"},"inLanguage":"en-US","potentialAction":[{"@type":"ReadAction","target":["https:\/\/binglaw.us\/cn\/service-areas\/dispute-resolution\/"]}]},{"@type":"BreadcrumbList","@id":"https:\/\/binglaw.us\/cn\/service-areas\/dispute-resolution\/#breadcrumb","itemListElement":[{"@type":"ListItem","position":1,"name":"\u9996\u9875","item":"https:\/\/binglaw.us\/cn\/"},{"@type":"ListItem","position":2,"name":"\u4e1a\u52a1\u8303\u56f4","item":"https:\/\/binglaw.us\/cn\/service-areas\/"},{"@type":"ListItem","position":3,"name":"\u4e89\u8bae\u89e3\u51b3"}]},{"@type":"WebSite","@id":"https:\/\/binglaw.us\/cn\/#website","url":"https:\/\/binglaw.us\/cn\/","name":"\u5f20\u51b0\u7f8e\u56fd\u8bc9\u8bbc\u5f8b\u5e08","description":"Bing Ryan US Litigation Lawyer","potentialAction":[{"@type":"SearchAction","target":{"@type":"EntryPoint","urlTemplate":"https:\/\/binglaw.us\/cn\/?s={search_term_string}"},"query-input":"required name=search_term_string"}],"inLanguage":"en-US"}]}},"jetpack_sharing_enabled":true,"jetpack-related-posts":[],"_links":{"self":[{"href":"https:\/\/binglaw.us\/cn\/wp-json\/wp\/v2\/pages\/436","targetHints":{"allow":["GET"]}}],"collection":[{"href":"https:\/\/binglaw.us\/cn\/wp-json\/wp\/v2\/pages"}],"about":[{"href":"https:\/\/binglaw.us\/cn\/wp-json\/wp\/v2\/types\/page"}],"author":[{"embeddable":true,"href":"https:\/\/binglaw.us\/cn\/wp-json\/wp\/v2\/users\/3"}],"replies":[{"embeddable":true,"href":"https:\/\/binglaw.us\/cn\/wp-json\/wp\/v2\/comments?post=436"}],"version-history":[{"count":22,"href":"https:\/\/binglaw.us\/cn\/wp-json\/wp\/v2\/pages\/436\/revisions"}],"predecessor-version":[{"id":510,"href":"https:\/\/binglaw.us\/cn\/wp-json\/wp\/v2\/pages\/436\/revisions\/510"}],"up":[{"embeddable":true,"href":"https:\/\/binglaw.us\/cn\/wp-json\/wp\/v2\/pages\/413"}],"wp:attachment":[{"href":"https:\/\/binglaw.us\/cn\/wp-json\/wp\/v2\/media?parent=436"}],"curies":[{"name":"wp","href":"https:\/\/api.w.org\/{rel}","templated":true}]}}